{"id":1167,"date":"2015-09-09T08:06:50","date_gmt":"2015-09-09T05:06:50","guid":{"rendered":"http:\/\/luigis.com.tr\/contact\/"},"modified":"2019-09-18T09:21:55","modified_gmt":"2019-09-18T06:21:55","slug":"iletisim","status":"publish","type":"page","link":"https:\/\/luigis.com.tr\/tr\/iletisim\/","title":{"rendered":"\u0130leti\u015fim"},"content":{"rendered":"<p>[vc_row css=&#8221;.vc_custom_1441787398918{padding-top: 50px !important;padding-bottom: 50px !important;background-color: #ffffff !important;}&#8221;][vc_column column_effect=&#8221;topmove&#8221; time=&#8221;3&#8243; distance=&#8221;250&#8243;][vc_column_text el_class=&#8221;block&#8221;]<\/p>\n<h2 style=\"text-transform: capitalize; font-family: basker; text-align: center;\">\u201cIf you can dream It.You can do It\u201d<\/h2>\n<p>&nbsp;<\/p>\n<h5 style=\"font-size: 35px; font-family: badriyahtwo; text-align: center; text-transform: capitalize;\">E.Ferari<\/h5>\n<p>[\/vc_column_text][\/vc_column][\/vc_row][vc_row css=&#8221;.vc_custom_1441787757516{padding-top: 50px !important;padding-bottom: 60px !important;}&#8221;][vc_column column_effect=&#8221;topmove&#8221; time=&#8221;1.5&#8243; distance=&#8221;250&#8243;]\t\n\t<h4 style=\"text-align: center;\" > BIZE YAZIN<\/h4>\t\n[vc_column_text el_class=&#8221;uper-text align-center&#8221; css=&#8221;.vc_custom_1568787720732{padding-top: 25px !important;padding-bottom: 30px !important;}&#8221;]REZERVASYON \u0130\u00c7\u0130N L\u00dcTFEN B\u0130Z\u0130 ARAYIN. <strong>\u0130LET\u0130\u015e\u0130M FORMU ARACILI\u011eIYLA REZERVASYON YAPILAMAMAKTADIR<\/strong>[\/vc_column_text][\/vc_column][vc_column]\n<div class=\"wpcf7 no-js\" id=\"wpcf7-f277-o1\" lang=\"en-US\" dir=\"ltr\" data-wpcf7-id=\"277\">\n<div class=\"screen-reader-response\"><p role=\"status\" aria-live=\"polite\" aria-atomic=\"true\"><\/p> <ul><\/ul><\/div>\n<form action=\"\/tr\/wp-json\/wp\/v2\/pages\/1167#wpcf7-f277-o1\" method=\"post\" class=\"wpcf7-form init\" aria-label=\"Contact form\" novalidate=\"novalidate\" data-status=\"init\">\n<fieldset class=\"hidden-fields-container\"><input type=\"hidden\" name=\"_wpcf7\" value=\"277\" \/><input type=\"hidden\" name=\"_wpcf7_version\" value=\"6.1.4\" \/><input type=\"hidden\" name=\"_wpcf7_locale\" value=\"en_US\" \/><input type=\"hidden\" name=\"_wpcf7_unit_tag\" value=\"wpcf7-f277-o1\" \/><input type=\"hidden\" name=\"_wpcf7_container_post\" value=\"0\" \/><input type=\"hidden\" name=\"_wpcf7_posted_data_hash\" value=\"\" \/>\n<\/fieldset>\n<div class=\"container\">\n\t<div id=\"ajax-form\">\n\t\t<div class=\"six columns\" data-scroll-reveal=\"enter bottom move 100px over 0.6s after 0.2s\">\n\t\t\t<p><span class=\"wpcf7-form-control-wrap\" data-name=\"your-name\"><input size=\"40\" maxlength=\"400\" class=\"wpcf7-form-control wpcf7-text wpcf7-validates-as-required\" aria-required=\"true\" aria-invalid=\"false\" placeholder=\"Your Name: *\" value=\"\" type=\"text\" name=\"your-name\" \/><\/span>\n\t\t\t<\/p>\n\t\t<\/div>\n\t\t<div class=\"six columns\" data-scroll-reveal=\"enter bottom move 100px over 0.6s after 0.2s\">\n\t\t\t<p><span class=\"wpcf7-form-control-wrap\" data-name=\"your-email\"><input size=\"40\" maxlength=\"400\" class=\"wpcf7-form-control wpcf7-email wpcf7-validates-as-required wpcf7-text wpcf7-validates-as-email\" aria-required=\"true\" aria-invalid=\"false\" placeholder=\"E-Mail: *\" value=\"\" type=\"email\" name=\"your-email\" \/><\/span>\n\t\t\t<\/p>\n\t\t<\/div>\n\t\t<div class=\"twelve columns\" data-scroll-reveal=\"enter bottom move 100px over 0.6s after 0.2s\">\n\t\t\t<p><span class=\"wpcf7-form-control-wrap\" data-name=\"your-message\"><textarea cols=\"40\" rows=\"10\" maxlength=\"2000\" class=\"wpcf7-form-control wpcf7-textarea\" aria-invalid=\"false\" placeholder=\"Tell Us Everything\" name=\"your-message\"><\/textarea><\/span>\n\t\t\t<\/p>\n\t\t<\/div>\n\t\t<div class=\"twelve columns\" data-scroll-reveal=\"enter bottom move 100px over 0.6s after 0.2s\">\n\t\t\t<p><span class=\"wpcf7-form-control-wrap\" data-name=\"quiz-486\"><label><span class=\"wpcf7-quiz-label\">2+2=<\/span> <input size=\"40\" class=\"wpcf7-form-control wpcf7-quiz\" autocomplete=\"off\" aria-required=\"true\" aria-invalid=\"false\" type=\"text\" name=\"quiz-486\" \/><\/label><input type=\"hidden\" name=\"_wpcf7_quiz_answer_quiz-486\" value=\"210147677d5ae26eb946f6df6b57e02b\" \/><\/span>\n\t\t\t<\/p>\n\t\t<\/div>\n\t\t<div class=\"twelve columns\" data-scroll-reveal=\"enter bottom move 100px over 0.6s after 0.2s\">\n\t\t\t<div id=\"button-con\">\n\t\t\t\t<p><button class=\"send_message wpcf7-form-control wpcf7-submit\" ><span data-hover=\"submit\">submit<\/span><\/button>\n\t\t\t\t<\/p>\n\t\t\t<\/div>\n\t\t<\/div>\n\t\t<div class=\"clear\">\n\t\t<\/div>\n\t<\/div>\n<\/div><div class=\"wpcf7-response-output\" aria-hidden=\"true\"><\/div>\n<\/form>\n<\/div>\n[\/vc_column][\/vc_row][vc_row full_width=&#8221;yes&#8221;][vc_column]\n\t<div id=\"cd-google-map\">\n\t\t<div id=\"google-container6a0899bd787cc\" style=\"position: relative;width: 100%;height: 500px;\"><\/div>\n\t\t<div id=\"cd-zoom-in\"><\/div>\n\t\t<div id=\"cd-zoom-out\"><\/div>\n\t\t\t<\/div>\t\n\n\t<script type=\"text\/javascript\">\n\t\t\n\t\t(function($) { \"use strict\"\n\n\t\t\t\/\/set your google maps parameters 39.886,32.856\n\t\t\tjQuery(document).ready(function($){\n\t\t\t\t\n\t\t\t\tvar latitude = 39.886,\n\t\t\t\t\tlongitude = 32.856,\n\t\t\t\t\tmap_zoom = 15;\n\n\t\t\t\t\/\/google map custom marker icon - .png fallback for IE11\n\t\t\t\tvar is_internetExplorer11= navigator.userAgent.toLowerCase().indexOf('trident') > -1;\n\t\t\t\tvar marker_url = ( is_internetExplorer11 ) ? 'https:\/\/luigis.com.tr\/wp-content\/uploads\/2015\/09\/marker.png' : 'https:\/\/luigis.com.tr\/luigis\/images\/cd-icon-location.svg';\n\t\t\t\t\t\n\t\t\t\t\/\/define the basic color of your map, plus a value for saturation and brightness\n\t\t\t\tvar\tmain_color = '#3189c4',\n\t\t\t\t\tsaturation_value= -50,\n\t\t\t\t\tbrightness_value= 4;\n\n\t\t\t\t\/\/we define here the style of the map\n\t\t\t\tvar style= [ \n\t\t\t\t\t{\n\t\t\t\t\t\t\/\/set saturation for the labels on the map\n\t\t\t\t\t\telementType: \"labels\",\n\t\t\t\t\t\tstylers: [\n\t\t\t\t\t\t\t{saturation: saturation_value}\n\t\t\t\t\t\t]\n\t\t\t\t\t},  \n\t\t\t\t\t{\t\/\/poi stands for point of interest - don't show these lables on the map \n\t\t\t\t\t\tfeatureType: \"poi\",\n\t\t\t\t\t\telementType: \"labels\",\n\t\t\t\t\t\tstylers: [\n\t\t\t\t\t\t\t{visibility: \"off\"}\n\t\t\t\t\t\t]\n\t\t\t\t\t},\n\t\t\t\t\t{\n\t\t\t\t\t\t\/\/don't show highways lables on the map\n\t\t\t\t\t\tfeatureType: 'road.highway',\n\t\t\t\t\t\telementType: 'labels',\n\t\t\t\t\t\tstylers: [\n\t\t\t\t\t\t\t{visibility: \"off\"}\n\t\t\t\t\t\t]\n\t\t\t\t\t}, \n\t\t\t\t\t{ \t\n\t\t\t\t\t\t\/\/don't show local road lables on the map\n\t\t\t\t\t\tfeatureType: \"road.local\", \n\t\t\t\t\t\telementType: \"labels.icon\", \n\t\t\t\t\t\tstylers: [\n\t\t\t\t\t\t\t{visibility: \"off\"} \n\t\t\t\t\t\t] \n\t\t\t\t\t},\n\t\t\t\t\t{ \n\t\t\t\t\t\t\/\/don't show arterial road lables on the map\n\t\t\t\t\t\tfeatureType: \"road.arterial\", \n\t\t\t\t\t\telementType: \"labels.icon\", \n\t\t\t\t\t\tstylers: [\n\t\t\t\t\t\t\t{visibility: \"off\"}\n\t\t\t\t\t\t] \n\t\t\t\t\t},\n\t\t\t\t\t{\n\t\t\t\t\t\t\/\/don't show road lables on the map\n\t\t\t\t\t\tfeatureType: \"road\",\n\t\t\t\t\t\telementType: \"geometry.stroke\",\n\t\t\t\t\t\tstylers: [\n\t\t\t\t\t\t\t{visibility: \"off\"}\n\t\t\t\t\t\t]\n\t\t\t\t\t}, \n\t\t\t\t\t\/\/style different elements on the map\n\t\t\t\t\t{ \n\t\t\t\t\t\tfeatureType: \"transit\", \n\t\t\t\t\t\telementType: \"geometry.fill\", \n\t\t\t\t\t\tstylers: [\n\t\t\t\t\t\t\t{ hue: main_color },\n\t\t\t\t\t\t\t{ visibility: \"on\" }, \n\t\t\t\t\t\t\t{ lightness: brightness_value }, \n\t\t\t\t\t\t\t{ saturation: saturation_value }\n\t\t\t\t\t\t]\n\t\t\t\t\t}, \n\t\t\t\t\t{\n\t\t\t\t\t\tfeatureType: \"poi\",\n\t\t\t\t\t\telementType: \"geometry.fill\",\n\t\t\t\t\t\tstylers: [\n\t\t\t\t\t\t\t{ hue: main_color },\n\t\t\t\t\t\t\t{ visibility: \"on\" }, \n\t\t\t\t\t\t\t{ lightness: brightness_value }, \n\t\t\t\t\t\t\t{ saturation: saturation_value }\n\t\t\t\t\t\t]\n\t\t\t\t\t},\n\t\t\t\t\t{\n\t\t\t\t\t\tfeatureType: \"poi.government\",\n\t\t\t\t\t\telementType: \"geometry.fill\",\n\t\t\t\t\t\tstylers: [\n\t\t\t\t\t\t\t{ hue: main_color },\n\t\t\t\t\t\t\t{ visibility: \"on\" }, \n\t\t\t\t\t\t\t{ lightness: brightness_value }, \n\t\t\t\t\t\t\t{ saturation: saturation_value }\n\t\t\t\t\t\t]\n\t\t\t\t\t},\n\t\t\t\t\t{\n\t\t\t\t\t\tfeatureType: \"poi.sport_complex\",\n\t\t\t\t\t\telementType: \"geometry.fill\",\n\t\t\t\t\t\tstylers: [\n\t\t\t\t\t\t\t{ hue: main_color },\n\t\t\t\t\t\t\t{ visibility: \"on\" }, \n\t\t\t\t\t\t\t{ lightness: brightness_value }, \n\t\t\t\t\t\t\t{ saturation: saturation_value }\n\t\t\t\t\t\t]\n\t\t\t\t\t},\n\t\t\t\t\t{\n\t\t\t\t\t\tfeatureType: \"poi.attraction\",\n\t\t\t\t\t\telementType: \"geometry.fill\",\n\t\t\t\t\t\tstylers: [\n\t\t\t\t\t\t\t{ hue: main_color },\n\t\t\t\t\t\t\t{ visibility: \"on\" }, \n\t\t\t\t\t\t\t{ lightness: brightness_value }, \n\t\t\t\t\t\t\t{ saturation: saturation_value }\n\t\t\t\t\t\t]\n\t\t\t\t\t},\n\t\t\t\t\t{\n\t\t\t\t\t\tfeatureType: \"poi.business\",\n\t\t\t\t\t\telementType: \"geometry.fill\",\n\t\t\t\t\t\tstylers: [\n\t\t\t\t\t\t\t{ hue: main_color },\n\t\t\t\t\t\t\t{ visibility: \"on\" }, \n\t\t\t\t\t\t\t{ lightness: brightness_value }, \n\t\t\t\t\t\t\t{ saturation: saturation_value }\n\t\t\t\t\t\t]\n\t\t\t\t\t},\n\t\t\t\t\t{\n\t\t\t\t\t\tfeatureType: \"transit\",\n\t\t\t\t\t\telementType: \"geometry.fill\",\n\t\t\t\t\t\tstylers: [\n\t\t\t\t\t\t\t{ hue: main_color },\n\t\t\t\t\t\t\t{ visibility: \"on\" }, \n\t\t\t\t\t\t\t{ lightness: brightness_value }, \n\t\t\t\t\t\t\t{ saturation: saturation_value }\n\t\t\t\t\t\t]\n\t\t\t\t\t},\n\t\t\t\t\t{\n\t\t\t\t\t\tfeatureType: \"transit.station\",\n\t\t\t\t\t\telementType: \"geometry.fill\",\n\t\t\t\t\t\tstylers: [\n\t\t\t\t\t\t\t{ hue: main_color },\n\t\t\t\t\t\t\t{ visibility: \"on\" }, \n\t\t\t\t\t\t\t{ lightness: brightness_value }, \n\t\t\t\t\t\t\t{ saturation: saturation_value }\n\t\t\t\t\t\t]\n\t\t\t\t\t},\n\t\t\t\t\t{\n\t\t\t\t\t\tfeatureType: \"landscape\",\n\t\t\t\t\t\tstylers: [\n\t\t\t\t\t\t\t{ hue: main_color },\n\t\t\t\t\t\t\t{ visibility: \"on\" }, \n\t\t\t\t\t\t\t{ lightness: brightness_value }, \n\t\t\t\t\t\t\t{ saturation: saturation_value }\n\t\t\t\t\t\t]\n\t\t\t\t\t\t\n\t\t\t\t\t},\n\t\t\t\t\t{\n\t\t\t\t\t\tfeatureType: \"road\",\n\t\t\t\t\t\telementType: \"geometry.fill\",\n\t\t\t\t\t\tstylers: [\n\t\t\t\t\t\t\t{ hue: main_color },\n\t\t\t\t\t\t\t{ visibility: \"on\" }, \n\t\t\t\t\t\t\t{ lightness: brightness_value }, \n\t\t\t\t\t\t\t{ saturation: saturation_value }\n\t\t\t\t\t\t]\n\t\t\t\t\t},\n\t\t\t\t\t{\n\t\t\t\t\t\tfeatureType: \"road.highway\",\n\t\t\t\t\t\telementType: \"geometry.fill\",\n\t\t\t\t\t\tstylers: [\n\t\t\t\t\t\t\t{ hue: main_color },\n\t\t\t\t\t\t\t{ visibility: \"on\" }, \n\t\t\t\t\t\t\t{ lightness: brightness_value }, \n\t\t\t\t\t\t\t{ saturation: saturation_value }\n\t\t\t\t\t\t]\n\t\t\t\t\t}, \n\t\t\t\t\t{\n\t\t\t\t\t\tfeatureType: \"water\",\n\t\t\t\t\t\telementType: \"geometry\",\n\t\t\t\t\t\tstylers: [\n\t\t\t\t\t\t\t{ hue: main_color },\n\t\t\t\t\t\t\t{ visibility: \"on\" }, \n\t\t\t\t\t\t\t{ lightness: brightness_value }, \n\t\t\t\t\t\t\t{ saturation: saturation_value }\n\t\t\t\t\t\t]\n\t\t\t\t\t}\n\t\t\t\t];\n\t\t\t\t\t\n\t\t\t\t\/\/set google map options\n\t\t\t\tvar map_options = {\n\t\t\t\t\tcenter: new google.maps.LatLng(latitude, longitude),\n\t\t\t\t\tzoom: map_zoom,\n\t\t\t\t\tpanControl: false,\n\t\t\t\t\tzoomControl: false,\n\t\t\t\t\tmapTypeControl: false,\n\t\t\t\t\tstreetViewControl: false,\n\t\t\t\t\tmapTypeId: google.maps.MapTypeId.ROADMAP,\n\t\t\t\t\tscrollwheel: false,\n\t\t\t\t\tstyles: style,\n\t\t\t\t}\n\t\t\t\t\/\/inizialize the map\n\t\t\t\tvar map = new google.maps.Map(document.getElementById('google-container6a0899bd787cc'), map_options);\n\t\t\t\t\/\/add a custom marker to the map\t\t\t\t\n\t\t\t\tvar marker = new google.maps.Marker({\n\t\t\t\t\tposition: new google.maps.LatLng(latitude, longitude),\n\t\t\t\t\tmap: map,\n\t\t\t\t\tvisible: true,\n\t\t\t\t\ticon: marker_url,\n\t\t\t\t});\n\n\t\t\t\t\/\/add custom buttons for the zoom-in\/zoom-out on the map\n\t\t\t\tfunction CustomZoomControl(controlDiv, map) {\n\t\t\t\t\t\/\/grap the zoom elements from the DOM and insert them in the map \n\t\t\t\t\tvar controlUIzoomIn= document.getElementById('cd-zoom-in'),\n\t\t\t\t\t\tcontrolUIzoomOut= document.getElementById('cd-zoom-out');\n\t\t\t\t\tcontrolDiv.appendChild(controlUIzoomIn);\n\t\t\t\t\tcontrolDiv.appendChild(controlUIzoomOut);\n\n\t\t\t\t\t\/\/ Setup the click event listeners and zoom-in or out according to the clicked element\n\t\t\t\t\tgoogle.maps.event.addDomListener(controlUIzoomIn, 'click', function() {\n\t\t\t\t\t\tmap.setZoom(map.getZoom()+1)\n\t\t\t\t\t});\n\t\t\t\t\tgoogle.maps.event.addDomListener(controlUIzoomOut, 'click', function() {\n\t\t\t\t\t\tmap.setZoom(map.getZoom()-1)\n\t\t\t\t\t});\n\t\t\t\t}\n\n\t\t\t\tvar zoomControlDiv = document.createElement('div');\n\t\t\t\tvar zoomControl = new CustomZoomControl(zoomControlDiv, map);\n\n\t\t\t\t\/\/insert the zoom div on the top left of the map\n\t\t\t\tmap.controls[google.maps.ControlPosition.LEFT_TOP].push(zoomControlDiv);\n\t\t\t});\n\t\t\n\t\t})(jQuery);\n\n\t<\/script>\n\n[\/vc_column][\/vc_row]<\/p>\n","protected":false},"excerpt":{"rendered":"<p>[vc_row css=&#8221;.vc_custom_1441787398918{padding-top: 50px !important;padding-bottom: 50px !important;background-color: #ffffff !important;}&#8221;][vc_column column_effect=&#8221;topmove&#8221; time=&#8221;3&#8243; distance=&#8221;250&#8243;][vc_column_text el_class=&#8221;block&#8221;] \u201cIf you can dream It.You can do It\u201d &nbsp; E.Ferari [\/vc_column_text][\/vc_column][\/vc_row][vc_row css=&#8221;.vc_custom_1441787757516{padding-top: 50px !important;padding-bottom: 60px !important;}&#8221;][vc_column column_effect=&#8221;topmove&#8221; time=&#8221;1.5&#8243; distance=&#8221;250&#8243;][vc_column_text el_class=&#8221;uper-text align-center&#8221; css=&#8221;.vc_custom_1568787720732{padding-top: 25px !important;padding-bottom: 30px !important;}&#8221;]REZERVASYON \u0130\u00c7\u0130N L\u00dcTFEN B\u0130Z\u0130 ARAYIN. \u0130LET\u0130\u015e\u0130M FORMU ARACILI\u011eIYLA REZERVASYON YAPILAMAMAKTADIR[\/vc_column_text][\/vc_column][vc_column][\/vc_column][\/vc_row][vc_row full_width=&#8221;yes&#8221;][vc_column][\/vc_column][\/vc_row]<\/p>\n","protected":false},"author":3,"featured_media":0,"parent":0,"menu_order":0,"comment_status":"closed","ping_status":"closed","template":"page-templates\/page-fullwidth.php","meta":{"footnotes":""},"class_list":["post-1167","page","type-page","status-publish","hentry"],"_links":{"self":[{"href":"https:\/\/luigis.com.tr\/tr\/wp-json\/wp\/v2\/pages\/1167","targetHints":{"allow":["GET"]}}],"collection":[{"href":"https:\/\/luigis.com.tr\/tr\/wp-json\/wp\/v2\/pages"}],"about":[{"href":"https:\/\/luigis.com.tr\/tr\/wp-json\/wp\/v2\/types\/page"}],"author":[{"embeddable":true,"href":"https:\/\/luigis.com.tr\/tr\/wp-json\/wp\/v2\/users\/3"}],"replies":[{"embeddable":true,"href":"https:\/\/luigis.com.tr\/tr\/wp-json\/wp\/v2\/comments?post=1167"}],"version-history":[{"count":7,"href":"https:\/\/luigis.com.tr\/tr\/wp-json\/wp\/v2\/pages\/1167\/revisions"}],"predecessor-version":[{"id":1376,"href":"https:\/\/luigis.com.tr\/tr\/wp-json\/wp\/v2\/pages\/1167\/revisions\/1376"}],"wp:attachment":[{"href":"https:\/\/luigis.com.tr\/tr\/wp-json\/wp\/v2\/media?parent=1167"}],"curies":[{"name":"wp","href":"https:\/\/api.w.org\/{rel}","templated":true}]}}