{"id":1160,"date":"2019-04-03T16:39:29","date_gmt":"2019-04-03T13:39:29","guid":{"rendered":"http:\/\/luigis.com.tr\/about-us\/"},"modified":"2019-08-01T12:02:54","modified_gmt":"2019-08-01T09:02:54","slug":"hakkimizda","status":"publish","type":"page","link":"https:\/\/luigis.com.tr\/tr\/hakkimizda\/","title":{"rendered":"Hakk\u0131m\u0131zda"},"content":{"rendered":"<p>[vc_row css=&#8221;.vc_custom_1441679161166{padding-top: 50px !important;padding-bottom: 50px !important;background-color: #ffffff !important;}&#8221;][vc_column column_effect=&#8221;topmove&#8221; time=&#8221;3&#8243; distance=&#8221;250&#8243;][vc_column_text css_animation=&#8221;fadeIn&#8221; el_class=&#8221;block&#8221; css=&#8221;.vc_custom_1554887825324{margin-bottom: 0px !important;padding-bottom: 0px !important;}&#8221;]<\/p>\n<h2 style=\"text-transform: capitalize; font-family: basker; text-align: center;\">\u201cEverything you see I owe to spaghetti.\u201d<\/h2>\n<p>&nbsp;<\/p>\n<h5 style=\"font-size: 35px; font-family: badriyahtwo; text-align: center; text-transform: capitalize;\">S.Loren<\/h5>\n<p>[\/vc_column_text][\/vc_column][vc_column column_effect=&#8221;bottommove&#8221; time=&#8221;3&#8243; distance=&#8221;50&#8243;]\t\n\t\t\n\t\t<div class=\"sections-link-pages\"><div class=\"cl-effect dark\" style=\"text-align: center\"><a data-gal=\"m_PageScroll2id\" data-ps2id-offset=\"65\" href=\"\/tr\/contact\/\"><span data-hover=\"Bize Yaz\u0131n\">Bize Yaz\u0131n<\/span><\/a><\/div><\/div>\n\t[\/vc_column][\/vc_row][vc_row parallax=&#8221;content-moving&#8221; parallax_image=&#8221;932&#8243; css=&#8221;.vc_custom_1554299877103{padding-top: 50px !important;padding-bottom: 50px !important;}&#8221; el_class=&#8221;just_pattern&#8221;][vc_column column_effect=&#8221;leftmove&#8221; time=&#8221;1.5&#8243; distance=&#8221;250&#8243;][vc_empty_space][vc_column_text css_animation=&#8221;fadeIn&#8221;]<\/p>\n<p style=\"font-family: Myriad Pro; font-size: 20px;\" align=\"justify\">Luigi&#8217;s<\/p>\n<p>&nbsp;<\/p>\n<p style=\"font-family: Myriad Pro; font-size: 20px; line-height: 35px;\" align=\"justify\">\u0130talyan mutfa\u011f\u0131n\u0131n e\u015fsiz lezzetleri, Ankara\u2019n\u0131n en nezih mekanlar\u0131ndan biri olan Atakule\u2019de sizlerle bulu\u015fuyor. Tazelik ve ferahl\u0131\u011f\u0131n tarifi olan muhte\u015fem pizzalar\u0131, usta \u015feflerin mutfa\u011f\u0131ndan do\u011fmu\u015f makarna \u00e7e\u015fitleri, b\u00fcy\u00fcleyici g\u00f6r\u00fcnt\u00fcs\u00fcyle ne\u015fenize ne\u015fe katacak nefis tatl\u0131lar\u0131 ve yaz\u0131n s\u0131cakl\u0131\u011f\u0131n\u0131 mutlulukla harmanlayan dondurmalar\u0131yla Luigi\u2019s Ristorante, vazge\u00e7ilmeziniz olacak.<\/p>\n<p>&nbsp;<\/p>\n<p style=\"font-family: Myriad Pro; font-size: 20px; line-height: 35px;\" align=\"justify\">Ankara manzaras\u0131 e\u015fli\u011finde, sevdiklerinizle unutulmaz anlar biriktirecek; toplant\u0131 ve bulu\u015fmalar\u0131n\u0131z\u0131 ise iple \u00e7ekiyor olacaks\u0131n\u0131z. K\u0131\u015flar\u0131 bembeyaz \u00f6rt\u00fcyle kaplanm\u0131\u015f, dingin ve huzurlu; yazlar\u0131 ise c\u0131v\u0131l c\u0131v\u0131l g\u00f6r\u00fcnt\u00fcs\u00fcyle hayat dolu ba\u015fkenti seyrederken; enfes kokteylinizden bir yudum alacak ve her ziyaretinizde \u2018\u2019\u0130yi ki!\u2019\u2019 diyeceksiniz.<\/p>\n<p>&nbsp;<\/p>\n<p style=\"font-family: Myriad Pro; font-size: 20px; line-height: 35px;\" align=\"justify\"><a href=\"http:\/\/luigis.com.tr\/en\/kisisel-verilerin-islemesi-aydinlatma-metni\/\"><strong>Ki\u015fisel Verilerin \u0130\u015flemesi Ayd\u0131nlatma Metni<\/strong><\/a><\/p>\n<p>[\/vc_column_text][vc_empty_space][\/vc_column][\/vc_row][vc_row][vc_column el_class=&#8221;just_pattern&#8221;][\/vc_column][\/vc_row]<\/p>\n","protected":false},"excerpt":{"rendered":"<p>[vc_row css=&#8221;.vc_custom_1441679161166{padding-top: 50px !important;padding-bottom: 50px !important;background-color: #ffffff !important;}&#8221;][vc_column column_effect=&#8221;topmove&#8221; time=&#8221;3&#8243; distance=&#8221;250&#8243;][vc_column_text css_animation=&#8221;fadeIn&#8221; el_class=&#8221;block&#8221; css=&#8221;.vc_custom_1554887825324{margin-bottom: 0px !important;padding-bottom: 0px !important;}&#8221;] \u201cEverything you see I owe to spaghetti.\u201d &nbsp; S.Loren [\/vc_column_text][\/vc_column][vc_column column_effect=&#8221;bottommove&#8221; time=&#8221;3&#8243; distance=&#8221;50&#8243;][\/vc_column][\/vc_row][vc_row parallax=&#8221;content-moving&#8221; parallax_image=&#8221;932&#8243; css=&#8221;.vc_custom_1554299877103{padding-top: 50px !important;padding-bottom: 50px !important;}&#8221; el_class=&#8221;just_pattern&#8221;][vc_column column_effect=&#8221;leftmove&#8221; time=&#8221;1.5&#8243; distance=&#8221;250&#8243;][vc_empty_space][vc_column_text css_animation=&#8221;fadeIn&#8221;] Luigi&#8217;s &nbsp; \u0130talyan mutfa\u011f\u0131n\u0131n e\u015fsiz lezzetleri, Ankara\u2019n\u0131n en nezih mekanlar\u0131ndan biri olan [&hellip;]<\/p>\n","protected":false},"author":3,"featured_media":0,"parent":0,"menu_order":0,"comment_status":"closed","ping_status":"closed","template":"page-templates\/page-fullwidth.php","meta":{"footnotes":""},"class_list":["post-1160","page","type-page","status-publish","hentry"],"_links":{"self":[{"href":"https:\/\/luigis.com.tr\/tr\/wp-json\/wp\/v2\/pages\/1160","targetHints":{"allow":["GET"]}}],"collection":[{"href":"https:\/\/luigis.com.tr\/tr\/wp-json\/wp\/v2\/pages"}],"about":[{"href":"https:\/\/luigis.com.tr\/tr\/wp-json\/wp\/v2\/types\/page"}],"author":[{"embeddable":true,"href":"https:\/\/luigis.com.tr\/tr\/wp-json\/wp\/v2\/users\/3"}],"replies":[{"embeddable":true,"href":"https:\/\/luigis.com.tr\/tr\/wp-json\/wp\/v2\/comments?post=1160"}],"version-history":[{"count":5,"href":"https:\/\/luigis.com.tr\/tr\/wp-json\/wp\/v2\/pages\/1160\/revisions"}],"predecessor-version":[{"id":1372,"href":"https:\/\/luigis.com.tr\/tr\/wp-json\/wp\/v2\/pages\/1160\/revisions\/1372"}],"wp:attachment":[{"href":"https:\/\/luigis.com.tr\/tr\/wp-json\/wp\/v2\/media?parent=1160"}],"curies":[{"name":"wp","href":"https:\/\/api.w.org\/{rel}","templated":true}]}}