{"id":1365,"date":"2019-08-01T11:56:55","date_gmt":"2019-08-01T08:56:55","guid":{"rendered":"http:\/\/luigis.com.tr\/?page_id=1365\/"},"modified":"2019-08-01T11:58:58","modified_gmt":"2019-08-01T08:58:58","slug":"kisisel-verilerin-islemesi-aydinlatma-metni","status":"publish","type":"page","link":"http:\/\/luigis.com.tr\/kisisel-verilerin-islemesi-aydinlatma-metni\/","title":{"rendered":"KVKK"},"content":{"rendered":"<p>[vc_row parallax=&#8221;content-moving&#8221; parallax_image=&#8221;932&#8243; css=&#8221;.vc_custom_1554299877103{padding-top: 50px !important;padding-bottom: 50px !important;}&#8221; el_class=&#8221;just_pattern&#8221;][vc_column column_effect=&#8221;leftmove&#8221; time=&#8221;1.5&#8243; distance=&#8221;250&#8243;][vc_empty_space height=&#8221;20px&#8221;][vc_column_text css_animation=&#8221;fadeIn&#8221;]<\/p>\n<p style=\"font-family: Myriad Pro; font-size: 20px;\" align=\"justify\">Ki\u015fisel Verilerin \u0130\u015flemesi Ayd\u0131nlatma Metni<\/p>\n<p>&nbsp;<\/p>\n<p style=\"font-family: Myriad Pro; font-size: 20px; line-height: 35px;\" align=\"justify\">6698 say\u0131l\u0131 Ki\u015fisel Verilerin Korunmas\u0131 Kanunu (\u201cKVKK\u201d) uyar\u0131nca, ger\u00e7ek bir ki\u015finin kimli\u011fini belirli ya da belirlenebilir bir hale getirmeye yarayan her t\u00fcrl\u00fc bilgi ki\u015fisel veri kapsam\u0131ndad\u0131r. ERG \u015eirketler Grubu; Bemse G\u0131da Turizm \u0130n\u015f.San.Tic.A.\u015e. ve \u015fubeleri (\u201c\u015eirket\u201d\/\u201d\u015eirketler\u201d) olarak ki\u015fisel verilerinizin g\u00fcvenli\u011fi hususuna azami hassasiyet g\u00f6stermekteyiz. Bu bilin\u00e7le, \u015eirket olarak \u00fcr\u00fcn ve hizmetlerimizden faydalanan ki\u015filer dahil, \u015eirket ile ili\u015fkili t\u00fcm \u015fah\u0131slara ait her t\u00fcrl\u00fc ki\u015fisel verilerin KVKK\u2019ya uygun olarak i\u015flenerek, muhafaza edilmesine b\u00fcy\u00fck \u00f6nem atfetmekteyiz. Bu sorumlulu\u011fumuzun tam idraki ile KVKK\u2019da tan\u0131ml\u0131 \u015fekli ile \u201cVeri Sorumlusu\u201d s\u0131fat\u0131yla, ki\u015fisel verilerinizi a\u015fa\u011f\u0131da izah edildi\u011fi surette ve mevzuat taraf\u0131ndan emredilen s\u0131n\u0131rlar \u00e7er\u00e7evesinde i\u015flemekteyiz.<\/p>\n<p>&nbsp;<\/p>\n<p style=\"font-family: Myriad Pro; font-size: 20px; line-height: 35px;\" align=\"justify\">1. Ki\u015fisel Verilerin Toplanmas\u0131, \u0130\u015flenmesi ve \u0130\u015fleme Ama\u00e7lar\u0131<br \/>\nKi\u015fisel verilerin i\u015flenmesi ile ki\u015fisel verilerin tamamen veya k\u0131smen otomatik olan ya da herhangi bir veri kay\u0131t sisteminin par\u00e7as\u0131 olmak kayd\u0131yla otomatik olmayan yollarla elde edilmesi, kaydedilmesi, depolanmas\u0131, muhafaza edilmesi, de\u011fi\u015ftirilmesi, yeniden d\u00fczenlenmesi, a\u00e7\u0131klanmas\u0131, aktar\u0131lmas\u0131, devral\u0131nmas\u0131, elde edilebilir h\u00e2le getirilmesi, s\u0131n\u0131fland\u0131r\u0131lmas\u0131 ya da kullan\u0131lmas\u0131n\u0131n engellenmesi gibi veriler \u00fczerinde ger\u00e7ekle\u015ftirilen her t\u00fcrl\u00fc i\u015flem kast edilmektedir. Ki\u015fisel verileriniz, \u015eirketimiz taraf\u0131ndan sa\u011flanan hizmet ve \u015eirketimizin ticari faaliyetlerine ba\u011fl\u0131 olarak de\u011fi\u015fkenlik g\u00f6sterebilmekle birlikte; otomatik ya da otomatik olmayan y\u00f6ntemlerle, \u015eirketimiz birimleri ve ofisler, Topluluk \u015eirketleri (ERG \u015eirketler Grubu), internet sitesi, sosyal medya mecralar\u0131, mobil uygulamalar ve benzeri vas\u0131talarla s\u00f6zl\u00fc, yaz\u0131l\u0131 ya da elektronik olarak toplanabilecektir. \u015eirketimiz ve Topluluk \u015eirketlerimizin sundu\u011fu \u00fcr\u00fcn ve hizmetlerden yararland\u0131\u011f\u0131n\u0131z m\u00fcddet\u00e7e olu\u015fturularak ve g\u00fcncellenerek ki\u015fisel verileriniz i\u015flenebilecektir. Ayr\u0131ca, \u015eirket veya Topluluk \u015eirketlerimizin hizmetlerini kullanmak amac\u0131yla \u00e7a\u011fr\u0131 merkezlerimizi veya internet sayfam\u0131z\u0131 kulland\u0131\u011f\u0131n\u0131zda, \u015eirketimizi veya internet sitemizi ziyaret etti\u011finizde, \u015eirketimizin d\u00fczenledi\u011fi e\u011fitim, seminer veya organizasyonlara kat\u0131ld\u0131\u011f\u0131n\u0131zda ki\u015fisel verileriniz i\u015flenebilecektir. Toplanan ki\u015fisel verileriniz, \u015eirketimiz ve Topluluk \u015eirketlerimiz taraf\u0131ndan sunulan \u00fcr\u00fcn ve hizmetlerden sizleri faydaland\u0131rmak i\u00e7in gerekli \u00e7al\u0131\u015fmalar\u0131n i\u015f birimlerimiz taraf\u0131ndan yap\u0131lmas\u0131, \u015eirketimiz ve Topluluk \u015eirketlerimiz taraf\u0131ndan sunulan \u00fcr\u00fcn ve hizmetlerin sizlerin be\u011feni, kullan\u0131m al\u0131\u015fkanl\u0131klar\u0131 ve ihtiya\u00e7lar\u0131na g\u00f6re \u00f6zelle\u015ftirilerek sizlere \u00f6nerilmesi, \u015eirketimizin, Topluluk \u015eirketlerimizin ve \u015eirketimizle i\u015f ili\u015fkisi i\u00e7erisinde olan ki\u015filerin hukuki ve ticari g\u00fcvenli\u011finin temini (\u015eirketimiz taraf\u0131ndan y\u00fcr\u00fct\u00fclen ileti\u015fime y\u00f6nelik idari operasyonlar, \u015eirkete ait lokasyonlar\u0131n fiziksel g\u00fcvenli\u011fini ve denetimini sa\u011flamak, Topluluk \u015eirketleri m\u00fc\u015fterileri de\u011ferlendirme\/\u015fikayet y\u00f6netimi s\u00fcre\u00e7leri, itibar ara\u015ft\u0131rma s\u00fcre\u00e7leri, etkinlik y\u00f6netimi, hukuki uyum s\u00fcreci, denetim, mali i\u015fler v.b.), \u015eirketimizin ticari ve i\u015f stratejilerinin belirlenmesi ve uygulanmas\u0131 ve \u015eirketimizin insan kaynaklar\u0131 politikalar\u0131n\u0131n y\u00fcr\u00fct\u00fclmesinin temini ama\u00e7lar\u0131yla KVKK\u2019n\u0131n 5. ve 6. maddelerinde belirtilen ki\u015fisel veri i\u015fleme \u015fartlar\u0131 ve ama\u00e7lar\u0131 dahilinde i\u015flenecektir.<\/p>\n<p style=\"font-family: Myriad Pro; font-size: 20px; line-height: 35px;\" align=\"justify\">2. \u0130\u015flenen Ki\u015fisel Verilerin Kimlere ve Hangi Ama\u00e7la Aktar\u0131labilece\u011fi?<br \/>\nYukar\u0131da say\u0131lmakta olan ama\u00e7larla \u015eirketimiz taraf\u0131ndan i\u015flenen ki\u015fisel verileriniz, g\u00fcvenle saklanmakta olup a\u015fa\u011f\u0131da say\u0131lan ve sizin de a\u00e7\u0131k r\u0131zan\u0131z\u0131n al\u0131naca\u011f\u0131 durumlar ve yasal zorunluluk halleri d\u0131\u015f\u0131nda 3. ki\u015filere aktar\u0131lmamaktad\u0131r. \u015eirketimiz taraf\u0131ndan i\u015flenen ki\u015fisel verileriniz sadece a\u00e7\u0131k r\u0131zan\u0131z\u0131n al\u0131nd\u0131\u011f\u0131, mevzuat\u0131n izin verdi\u011fi durumlarda ve yasal s\u0131n\u0131rlar dahilinde 3. ki\u015filere aktar\u0131labilecektir. Toplanan ki\u015fisel verileriniz; \u015eirketimiz ve Topluluk \u015eirketlerimiz (ERG \u015eirketler Grubu) taraf\u0131ndan sunulan \u00fcr\u00fcn ve hizmetlerden sizleri faydaland\u0131rmak i\u00e7in gerekli \u00e7al\u0131\u015fmalar\u0131n i\u015f birimlerimiz taraf\u0131ndan yap\u0131lmas\u0131, \u015eirketimiz ve Topluluk \u015eirketlerimiz taraf\u0131ndan sunulan \u00fcr\u00fcn ve hizmetlerin sizlerin be\u011feni, kullan\u0131m al\u0131\u015fkanl\u0131klar\u0131 ve ihtiya\u00e7lar\u0131na g\u00f6re \u00f6zelle\u015ftirilerek sizlere \u00f6nerilmesi, \u015eirketimizin, Topluluk \u015eirketlerimizin ve \u015eirketimizle i\u015f ili\u015fkisi i\u00e7erisinde olan ki\u015filerin hukuki ve ticari g\u00fcvenli\u011finin temini (\u015eirketimiz taraf\u0131ndan y\u00fcr\u00fct\u00fclen ileti\u015fime y\u00f6nelik idari operasyonlar, \u015eirkete ait lokasyonlar\u0131n fiziksel g\u00fcvenli\u011fini ve denetimini sa\u011flamak, i\u015f orta\u011f\u0131\/m\u00fc\u015fteri\/tedarik\u00e7i (yetkili veya \u00e7al\u0131\u015fanlar\u0131) de\u011ferlendirme s\u00fcre\u00e7leri, itibar ara\u015ft\u0131rma s\u00fcre\u00e7leri, hukuki uyum s\u00fcreci, denetim, mali i\u015fler v.b.), \u015eirketimizin ticari ve i\u015f stratejilerinin belirlenmesi ve uygulanmas\u0131 ile \u015eirketimizin insan kaynaklar\u0131 politikalar\u0131n\u0131n y\u00fcr\u00fct\u00fclmesinin temini ama\u00e7lar\u0131yla i\u015f ortaklar\u0131m\u0131za, tedarik\u00e7ilerimize, Topluluk \u015eirketlerine, \u015eirket yetkililerine, hissedarlar\u0131m\u0131za, kanunen yetkili kamu kurumlar\u0131 ve \u00f6zel ki\u015filere, KVKK\u2019n\u0131n 8. ve 9. maddelerinde belirtilen ki\u015fisel veri i\u015fleme \u015fartlar\u0131 ve ama\u00e7lar\u0131 \u00e7er\u00e7evesinde aktar\u0131labilecektir.<\/p>\n<p style=\"font-family: Myriad Pro; font-size: 20px; line-height: 35px;\" align=\"justify\">3. Ki\u015fisel Veri Toplaman\u0131n Y\u00f6ntemi ve Hukuki Sebebi<br \/>\nKi\u015fisel verileriniz, her t\u00fcrl\u00fc s\u00f6zl\u00fc, yaz\u0131l\u0131 ya da elektronik ortamda, yukar\u0131da yer verilen ama\u00e7lar do\u011frultusunda \u015eirket\u00e7e sundu\u011fumuz \u00fcr\u00fcn ve hizmetlerin belirlenen yasal \u00e7er\u00e7evede sunulabilmesi ve bu kapsamda \u015eirketimizin s\u00f6zle\u015fme ve yasadan do\u011fan mesuliyetlerini eksiksiz ve do\u011fru bir \u015fekilde yerine getirebilmesi gayesi ile edinilir. Bu hukuki sebeple toplanan ki\u015fisel verileriniz KVKK\u2019n\u0131n 5. ve 6. maddelerinde belirtilen ki\u015fisel veri i\u015fleme \u015fartlar\u0131 ve ama\u00e7lar\u0131 kapsam\u0131nda bu metnin (1) ve (2) numaral\u0131 maddelerinde belirtilen ama\u00e7larla da i\u015flenebilmekte ve aktar\u0131labilmektedir.<\/p>\n<p style=\"font-family: Myriad Pro; font-size: 20px; line-height: 35px;\" align=\"justify\">4. Ki\u015fisel Verisi \u0130\u015flenen \u0130lgili Ki\u015finin KVKK\u2019n\u0131n 11. Maddesinde Say\u0131lan Haklar\u0131<br \/>\nKVKK\u2019n\u0131n 11. maddesinde \u00f6ng\u00f6r\u00fcld\u00fc\u011f\u00fc \u00fczere, \u015eirketimiz nezdinde, ki\u015fisel verinizin i\u015flenip i\u015flenmedi\u011fini \u00f6\u011frenme, i\u015flenmi\u015fse buna ili\u015fkin bilgi talep etme, ki\u015fisel verilerinizin i\u015flenme amac\u0131n\u0131 ve bunlar\u0131n amac\u0131na uygun kullan\u0131l\u0131p kullan\u0131lmad\u0131\u011f\u0131n\u0131 \u00f6\u011frenme, yurt i\u00e7inde veya yurt d\u0131\u015f\u0131nda ki\u015fisel verilerinizin aktar\u0131ld\u0131\u011f\u0131 \u00fc\u00e7\u00fcnc\u00fc ki\u015fileri bilme, ki\u015fisel verilerinizin eksik veya yanl\u0131\u015f i\u015flenmi\u015f olmas\u0131 h\u00e2linde bunlar\u0131n d\u00fczeltilmesini isteme, kanunda \u00f6ng\u00f6r\u00fclen \u015fartlar \u00e7er\u00e7evesinde ki\u015fisel verilerinizin silinmesini veya yok edilmesini isteme, ki\u015fisel verilerinizin aktar\u0131ld\u0131\u011f\u0131 \u00fc\u00e7\u00fcnc\u00fc ki\u015filere bildirilmesini isteme, i\u015flenen verilerin m\u00fcnhas\u0131ran otomatik sistemler vas\u0131tas\u0131yla analiz edilmesi suretiyle aleyhinize bir sonucun ortaya \u00e7\u0131kmas\u0131na itiraz etme ve ki\u015fisel verilerinizin kanuna ayk\u0131r\u0131 olarak i\u015flenmesi sebebiyle zarara u\u011framan\u0131z h\u00e2linde zarar\u0131n giderilmesini talep etme haklar\u0131na sahip oldu\u011funuzdan bu konulara ili\u015fkin \u015firketimize ba\u015fvurman\u0131z halinde en ge\u00e7 30 g\u00fcn i\u00e7inde talebiniz \u00fccretsiz olarak sonu\u00e7land\u0131r\u0131lacakt\u0131r. Bununla birlikte, Ki\u015fisel Verileri Koruma Kurulunca bir \u00fccret \u00f6ng\u00f6r\u00fclmesi halinde, \u015eirketimiz taraf\u0131ndan belirlenen tarifedeki \u00fccret al\u0131nacakt\u0131r.<br \/>\nKVKK\u2019n\u0131n 11. maddesinde say\u0131lan haklar\u0131n\u0131z\u0131 kullanmak i\u00e7in, http:\/\/www.bemse.com.tr adresinde bulunan \u201cKi\u015fisel Verilerin \u0130\u015flenmesi Ayd\u0131nlatma Metni\u201d do\u011frultusunda, kimlik bilgileriniz ile yukar\u0131da say\u0131lan haklardan hangisini kullanmay\u0131 talep etti\u011finizi de belirten a\u00e7\u0131klamalar\u0131n\u0131z\u0131; Hat\u0131r Sokak No:21 Gaziosmanpa\u015fa-\u00c7ankaya\/Ankara adresine kimlik bilgileriniz ile bizzat teslim edebilir, noter kanal\u0131yla veya KVKK\u2019da belirtilen di\u011fer y\u00f6ntemler ile belirtilen adrese g\u00f6nderebilirsiniz.<br \/>\n6698 say\u0131l\u0131 Ki\u015fisel Verilerin Korunmas\u0131 Kanunu (KVKK) metni i\u00e7in;<a href=\" http:\/\/www.mevzuat.gov.tr\/Metin1.Aspx?MevzuatKod=1.5.6698&amp;MevzuatIliski=0&amp;sourceXmlSearch=6698&amp;Tur=1&amp;Tertip=5&amp;No=6698\"> http:\/\/www.mevzuat.gov.tr\/<\/a><\/p>\n<p>[\/vc_column_text][vc_empty_space][\/vc_column][\/vc_row][vc_row][vc_column el_class=&#8221;just_pattern&#8221;][\/vc_column][\/vc_row]<\/p>\n","protected":false},"excerpt":{"rendered":"<p>[vc_row parallax=&#8221;content-moving&#8221; parallax_image=&#8221;932&#8243; css=&#8221;.vc_custom_1554299877103{padding-top: 50px !important;padding-bottom: 50px !important;}&#8221; el_class=&#8221;just_pattern&#8221;][vc_column column_effect=&#8221;leftmove&#8221; time=&#8221;1.5&#8243; distance=&#8221;250&#8243;][vc_empty_space height=&#8221;20px&#8221;][vc_column_text css_animation=&#8221;fadeIn&#8221;] Ki\u015fisel Verilerin \u0130\u015flemesi Ayd\u0131nlatma Metni &nbsp; 6698 say\u0131l\u0131 Ki\u015fisel Verilerin Korunmas\u0131 Kanunu (\u201cKVKK\u201d) uyar\u0131nca, ger\u00e7ek bir ki\u015finin kimli\u011fini belirli ya da belirlenebilir bir hale getirmeye yarayan her t\u00fcrl\u00fc bilgi ki\u015fisel veri kapsam\u0131ndad\u0131r. ERG \u015eirketler Grubu; Bemse G\u0131da Turizm \u0130n\u015f.San.Tic.A.\u015e. ve \u015fubeleri [&hellip;]<\/p>\n","protected":false},"author":3,"featured_media":0,"parent":0,"menu_order":0,"comment_status":"closed","ping_status":"closed","template":"page-templates\/page-fullwidth.php","meta":{"footnotes":""},"class_list":["post-1365","page","type-page","status-publish","hentry"],"_links":{"self":[{"href":"http:\/\/luigis.com.tr\/en\/wp-json\/wp\/v2\/pages\/1365","targetHints":{"allow":["GET"]}}],"collection":[{"href":"http:\/\/luigis.com.tr\/en\/wp-json\/wp\/v2\/pages"}],"about":[{"href":"http:\/\/luigis.com.tr\/en\/wp-json\/wp\/v2\/types\/page"}],"author":[{"embeddable":true,"href":"http:\/\/luigis.com.tr\/en\/wp-json\/wp\/v2\/users\/3"}],"replies":[{"embeddable":true,"href":"http:\/\/luigis.com.tr\/en\/wp-json\/wp\/v2\/comments?post=1365"}],"version-history":[{"count":4,"href":"http:\/\/luigis.com.tr\/en\/wp-json\/wp\/v2\/pages\/1365\/revisions"}],"predecessor-version":[{"id":1370,"href":"http:\/\/luigis.com.tr\/en\/wp-json\/wp\/v2\/pages\/1365\/revisions\/1370"}],"wp:attachment":[{"href":"http:\/\/luigis.com.tr\/en\/wp-json\/wp\/v2\/media?parent=1365"}],"curies":[{"name":"wp","href":"https:\/\/api.w.org\/{rel}","templated":true}]}}